{"id":27,"date":"2015-10-05T14:00:31","date_gmt":"2015-10-05T12:00:31","guid":{"rendered":"http:\/\/www.samtala.nu\/?page_id=27"},"modified":"2016-10-14T09:36:55","modified_gmt":"2016-10-14T07:36:55","slug":"utforskande-samtal","status":"publish","type":"page","link":"https:\/\/www.samtala.nu\/index.php\/tjanster\/personliga-samtal\/utforskande-samtal\/","title":{"rendered":"Utforskande samtal"},"content":{"rendered":"<div class=\"fusion-three-fifth fusion-layout-column fusion-spacing-yes\" style=\"margin-top:0px;margin-bottom:20px;\"><div class=\"fusion-column-wrapper\"><style type='text\/css'>.reading-box-container-1 .element-bottomshadow:before,.reading-box-container-1 .element-bottomshadow:after{opacity:0.7;}<\/style><div class=\"fusion-reading-box-container reading-box-container-1\" style=\"margin-top:0px;margin-bottom:30px;\"><div class=\"reading-box\" style=\"background-color:#f6f6f6;border-width:1px;border-color:#f6f6f6;border-style:solid;\"><div class=\"reading-box-additional\">M\u00e5let med ett filosofiskt utforskande samtal \u00e4r att fr\u00e4mja ett \u00f6ppet f\u00f6rh\u00e5llningss\u00e4tt till livet. Att se det g\u00e5tfulla, mystiska och f\u00f6runderliga och inte st\u00e4nga in sig i f\u00f6rstelnade f\u00f6rest\u00e4llningar och tankem\u00f6nster och sj\u00e4lvs\u00e4ker vetskap.<\/p>\n<p>N\u00e4r du f\u00f6rundras och en undran v\u00e4cks till liv att unders\u00f6ka mer och klura vidare, d\u00e5 \u00f6ppnar du dig f\u00f6r fler perspektiv och m\u00f6jligheter. Du blir mer kreativ och lekfull och mottaglig f\u00f6r subtila budskap som g\u00e5r utanf\u00f6r dina faktakunskaper och f\u00e4rdiga kategoriseringar av v\u00e4rlden. Du blir mer mottaglighet och n\u00e4rvarande i nuet och v\u00e4rlden. Den h\u00e4r processen och samtalsformen f\u00f6rb\u00e4ttrar d\u00e4rigenom din intuition och omd\u00f6mesf\u00f6rm\u00e5ga och \u00f6kar din mentala resiliens. Men f\u00f6r att inte f\u00f6rsjunka i v\u00e4rderelativism jobbar vi \u00e4ven med att klarg\u00f6ra ditt personliga st\u00e4llningstagande i relation till samtalstemat och vad det kan f\u00e5 f\u00f6r praktiska konsekvenser i ditt liv. Vilket i sig \u00f6kar din praktiska visdom som g\u00f6r att du l\u00e4ttare kan svara upp mot vad var situation kr\u00e4ver och agera p\u00e5 b\u00e4sta m\u00f6jliga s\u00e4tt oavsett givna ramar och tidigare f\u00f6rgivettaganden.<\/div><\/div><\/div><style type='text\/css'>.reading-box-container-2 .element-bottomshadow:before,.reading-box-container-2 .element-bottomshadow:after{opacity:0.7;}<\/style><div class=\"fusion-reading-box-container reading-box-container-2\" style=\"margin-top:0px;margin-bottom:30px;\"><div class=\"reading-box\" style=\"background-color:#f6f6f6;border-width:1px;border-color:#f6f6f6;border-style:solid;\"><div class=\"reading-box-additional\">Denna typ av samtal inneb\u00e4r ett utforskande, unders\u00f6kande och praktiskt filosoferande kring n\u00e5got i ditt liv eller en fr\u00e5gest\u00e4llning du har. Fokus ligger p\u00e5 att tillsammans f\u00f6rs\u00f6ka utforska samtalstemat och relaterade fenomen och successivt f\u00f6rdjupa b\u00e5de f\u00f6rst\u00e5else och insikt. I ett filosofiskt unders\u00f6kande samtal \u00e4r inte m\u00e5let att bota eller \u00e5stadkomma h\u00e4lsa, utan att fr\u00e4mja liv och r\u00f6relse, genom att \u00f6ppna upp perspektiv och m\u00f6jligheter stimulera till f\u00f6rst\u00e5else, klarg\u00f6rande och st\u00e4llningstagande.<\/p>\n<p>I utforskande samtal finns det ingen \u201dexpert\u201d, bara vanliga m\u00e4nniskor med egna unika erfarenheter och perspektiv och som tillsammans kan skapa n\u00e5got st\u00f6rre \u00e4n de sj\u00e4lva genom samtalet. Jag har dock i rollen som facilitator ansvaret att underst\u00f6dja och s\u00e4kerst\u00e4lla samtalsformen och metoden, men i \u00f6vrigt deltar vi alla i samtalet p\u00e5 lika villkor. I samtalen ligger fokus p\u00e5 att utveckla en \u00f6msesidig n\u00e4rvaro genom aktivt lyssnande och gemensamt utforskande av olika perspektiv. Det h\u00e4nder ocks\u00e5 att olika t\u00e4nkares skrifter och b\u00f6cker lyfts fram i samtalen som inl\u00e4gg och exempel p\u00e5 perspektiv som kan granskas gemensamt.<\/p>\n<p>Samtalen tar ofta sin utg\u00e5ngspunkt ifr\u00e5n en konkret upplevelse eller ber\u00e4ttelse. Genom den utvecklas och f\u00f6rdjupas en personlig f\u00f6rundran &amp; undran. D\u00e4refter s\u00e4tts detta i relation till m\u00e4nsklighetens stora ber\u00e4ttelser (tex. religi\u00f6sa, litter\u00e4ra, mytologiska, konstn\u00e4rliga eller filosofiska) och funderingar. Vid n\u00e5got tillf\u00e4lle \u00e4r det dags att luta sig tillbaka och m\u00f6ta sig sj\u00e4lv och tystheten \u2013 vad betyder det h\u00e4r f\u00f6r mig? Ofta avslutas samtalet med ett f\u00f6rs\u00f6k att oms\u00e4tta samtalet till praktisk visdom &#8211; Vad kan det h\u00e4r f\u00e5 f\u00f6r praktiska konsekvenser i mitt liv och arbete?<\/div><\/div><\/div><style type='text\/css'>.reading-box-container-3 .element-bottomshadow:before,.reading-box-container-3 .element-bottomshadow:after{opacity:0.7;}<\/style><div class=\"fusion-reading-box-container reading-box-container-3\" style=\"margin-top:0px;margin-bottom:30px;\"><div class=\"reading-box\" style=\"background-color:#f6f6f6;border-width:1px;border-color:#f6f6f6;border-style:solid;\"><h2>F\u00f6rh\u00e5llningss\u00e4tt<\/h2><div class=\"reading-box-additional\">I de \u201dUtforskande samtalen\u201d efterstr\u00e4vas en gemensam anda av beskrivande och unders\u00f6kande och att i m\u00f6jligast m\u00e5n utg\u00e5 ifr\u00e5n ett icke-vetande. Att \u00f6ppna upp f\u00f6r det ok\u00e4nda, of\u00f6rst\u00e5dda, outsagda. Att g\u00e5 bortom f\u00e4rdiga kategorier och klart definierade och precisa ord till det som ligger i mellan och bakom. Till fenomenet i sig, och kontemplativt vara \u00f6ppet unders\u00f6kande och nyorienterande. Att se, h\u00f6ra och uppleva det som \u00e4r, som det \u00e4r och inte som vi tror det \u00e4r eller som vi vill det ska vara eller som vi minns det.<\/div><\/div><\/div><div class=\"fusion-clearfix\"><\/div><\/div><\/div><div class=\"fusion-two-fifth fusion-layout-column fusion-column-last fusion-spacing-yes\" style=\"margin-top:0px;margin-bottom:20px;\"><div class=\"fusion-column-wrapper\"><style type='text\/css'>.reading-box-container-4 .element-bottomshadow:before,.reading-box-container-4 .element-bottomshadow:after{opacity:0.7;}<\/style><div class=\"fusion-reading-box-container reading-box-container-4\" style=\"margin-top:0px;margin-bottom:30px;\"><div class=\"reading-box\" style=\"background-color:#f6f6f6;border-width:1px;border-color:#f6f6f6;border-style:solid;\"><h2>Metod<\/h2><div class=\"reading-box-additional\">\u201dUtforskande samtal\u201d \u00e4r en form av Filosofisk praxis (se Svenska s\u00e4llskapet f\u00f6r filosofisk praxis &#8211; SSFP &#8211; http:\/\/www.filosofiskpraxis.org), som inneb\u00e4r att jag som filosofisk praktiker anv\u00e4nder s\u00e5v\u00e4l filosofiska teorier som filosofiska verktyg f\u00f6r att tillsammans med en enskild g\u00e4st eller grupp utforska filosofiska fr\u00e5gor, teman, begrepp eller dilemman. Genom den filosofiska dialogen f\u00e5r vi syn p\u00e5 hur och vad vi t\u00e4nker, vilket ger oss en m\u00f6jlighet att omv\u00e4rdera v\u00e5ra tankar, handlingar, attityder och v\u00e4rderingar och d\u00e4rigenom skapa en djupare f\u00f6rst\u00e5else f\u00f6r v\u00e5r egen och andra m\u00e4nniskors livsv\u00e4rld.<\/p>\n<p>Oftast tar vi v\u00e5r utg\u00e5ngspunkt i en konkret situation och upplevelse och f\u00f6rs\u00f6ker sedan vaska fram det betydelsefulla i den f\u00f6r att sedan f\u00f6rs\u00f6ka lyfta fr\u00e5gest\u00e4llningen till en mer generell filosofisk niv\u00e5. Ibland blir det flera iterationer mellan den konkreta och generella. Som st\u00f6d f\u00f6r samtalet kan vi nyttja:<\/p>\n<ul>\n<li>Fenomenologisk &amp; hermeneutisk metod<\/li>\n<li>Existentiell livsv\u00e4rldsanalys<\/li>\n<li>Sokratiskt samtal och samtalsregler<\/li>\n<li>Teorier och id\u00e9er fr\u00e5n b\u00f6cker och ur v\u00e5rt rika historiska tankegods, tex fr\u00e5n existentialismen, stoicismen mfl.<\/li>\n<\/ul>\n<\/div><\/div><\/div><style type='text\/css'>.reading-box-container-5 .element-bottomshadow:before,.reading-box-container-5 .element-bottomshadow:after{opacity:0.7;}<\/style><div class=\"fusion-reading-box-container reading-box-container-5\" style=\"margin-top:0px;margin-bottom:30px;\"><div class=\"reading-box\" style=\"background-color:#f6f6f6;border-width:1px;border-color:#f6f6f6;border-style:solid;\"><h2>Exempel p\u00e5 fr\u00e5gest\u00e4llningar:<\/h2><div class=\"reading-box-additional\">Vilka upplevelser och situationer som helst fr\u00e5n v\u00e5ra liv kan vara fokus f\u00f6r ett filosofiskt utforskande samtal. Men man kan ocks\u00e5 utg\u00e5 ifr\u00e5n teman som till exempel: D\u00f6d, Tro, F\u00f6rdomar, Identitet, Tid, Makt, Mod, R\u00e4ttvisa, Hj\u00e4lp, K\u00e4rlek, Gemenskap, Meningsfullhet, \u00c5ngest, Skuld, Sorg och Gr\u00e4nser.\u00a0Exempel p\u00e5 fr\u00e5gest\u00e4llningar:<\/p>\n<ul>\n<li>Vad \u00e4r gemenskap?<\/li>\n<li>Vad \u00e4r tillit?<\/li>\n<li>Vad \u00e4r mod?<\/li>\n<li>Vad \u00e4r identitet?<\/li>\n<li>Vad inneb\u00e4r det att vara stark?<\/li>\n<li>Vad \u00e4r f\u00f6rl\u00e5telse?<\/li>\n<\/ul>\n<\/div><\/div><\/div><style type='text\/css'>.reading-box-container-6 .element-bottomshadow:before,.reading-box-container-6 .element-bottomshadow:after{opacity:0.7;}<\/style><div class=\"fusion-reading-box-container reading-box-container-6\" style=\"margin-top:0px;margin-bottom:30px;\"><div class=\"reading-box\" style=\"background-color:#f6f6f6;border-width:1px;border-color:#f6f6f6;border-style:solid;\"><h2>M\u00e5lgrupp<\/h2><div class=\"reading-box-additional\">Ett filosofiskt utforskande samtal passar dig som vill \u00f6ppna upp ditt f\u00f6rh\u00e5llningss\u00e4tt till livet. N\u00e4r du vill \u00f6ppna dig f\u00f6r det g\u00e5tfulla och f\u00f6runderliga och aktivt motverka f\u00f6rstelnade f\u00f6rest\u00e4llningar, tankem\u00f6nster och sj\u00e4lvs\u00e4ker vetskap.<\/div><\/div><\/div><div class=\"fusion-clearfix\"><\/div><\/div><\/div><div class=\"fusion-clearfix\"><\/div>\n","protected":false},"excerpt":{"rendered":"","protected":false},"author":1,"featured_media":0,"parent":82,"menu_order":0,"comment_status":"closed","ping_status":"closed","template":"","meta":{"footnotes":"","_links_to":"","_links_to_target":""},"class_list":["post-27","page","type-page","status-publish","hentry"],"_links":{"self":[{"href":"https:\/\/www.samtala.nu\/index.php\/wp-json\/wp\/v2\/pages\/27","targetHints":{"allow":["GET"]}}],"collection":[{"href":"https:\/\/www.samtala.nu\/index.php\/wp-json\/wp\/v2\/pages"}],"about":[{"href":"https:\/\/www.samtala.nu\/index.php\/wp-json\/wp\/v2\/types\/page"}],"author":[{"embeddable":true,"href":"https:\/\/www.samtala.nu\/index.php\/wp-json\/wp\/v2\/users\/1"}],"replies":[{"embeddable":true,"href":"https:\/\/www.samtala.nu\/index.php\/wp-json\/wp\/v2\/comments?post=27"}],"version-history":[{"count":25,"href":"https:\/\/www.samtala.nu\/index.php\/wp-json\/wp\/v2\/pages\/27\/revisions"}],"predecessor-version":[{"id":388,"href":"https:\/\/www.samtala.nu\/index.php\/wp-json\/wp\/v2\/pages\/27\/revisions\/388"}],"up":[{"embeddable":true,"href":"https:\/\/www.samtala.nu\/index.php\/wp-json\/wp\/v2\/pages\/82"}],"wp:attachment":[{"href":"https:\/\/www.samtala.nu\/index.php\/wp-json\/wp\/v2\/media?parent=27"}],"curies":[{"name":"wp","href":"https:\/\/api.w.org\/{rel}","templated":true}]}}