{"id":6,"date":"2015-10-05T10:36:12","date_gmt":"2015-10-05T10:36:12","guid":{"rendered":"http:\/\/www.samtala.nu\/?page_id=6"},"modified":"2017-04-24T11:09:39","modified_gmt":"2017-04-24T09:09:39","slug":"om-mig","status":"publish","type":"page","link":"https:\/\/www.samtala.nu\/index.php\/om-mig\/","title":{"rendered":"Om mig"},"content":{"rendered":"<div class=\"fusion-one-fifth fusion-layout-column fusion-spacing-yes\" style=\"margin-top:0px;margin-bottom:20px;\"><div class=\"fusion-column-wrapper\"><p><a class=\"fusion-one-page-text-link\" href=\"#min_bakgrund\"><strong>Min bakgrund<\/strong><\/a><br \/>\n<a class=\"fusion-one-page-text-link\" href=\"#min_utgangspunkt\"><strong>Min utg\u00e5ngspunkt<\/strong><\/a><br \/>\n<a class=\"fusion-one-page-text-link\" href=\"#cv\"><strong>Utbildningar &amp; kurser<\/strong><\/a><br \/>\n<a class=\"fusion-one-page-text-link\" href=\"#for_din_sakerhet\"><strong>F\u00f6r din s\u00e4kerhet<\/strong><\/a><\/p>\n<div class=\"fusion-clearfix\"><\/div><\/div><\/div><div class=\"fusion-four-fifth fusion-layout-column fusion-column-last fusion-spacing-yes\" style=\"margin-top:0px;margin-bottom:20px;\"><div class=\"fusion-column-wrapper\"><div class=\"imageframe-align-center\"><span class=\"fusion-imageframe imageframe-bottomshadow imageframe-1 element-bottomshadow hover-type-none\"> <img loading=\"lazy\" decoding=\"async\" src=\"http:\/\/www.samtala.nu\/wp-content\/uploads\/2015\/10\/misc-291x300.jpg\" alt=\"\" width=\"291\" height=\"300\"class=\"img-responsive wp-image-14\" srcset=\"https:\/\/www.samtala.nu\/wp-content\/uploads\/2015\/10\/misc-291x300.jpg 291w, https:\/\/www.samtala.nu\/wp-content\/uploads\/2015\/10\/misc.jpg 640w\" sizes=\"auto, (max-width: 291px) 100vw, 291px\" \/><\/span><\/div><div class=\"fusion-menu-anchor\" id=\"min_bakgrund\"><\/div><p><strong>Min bakgrund<\/strong><br \/>\nJag\u00a0\u00e4r ursprungligen utbildad till Landskapsarkitekt med inriktning mot samh\u00e4llsplanering och milj\u00f6\u00adkommunikation, och\u00a0har 14 \u00e5rs arbetslivserfarenhet som GIS-samordnare &amp; verksamhetsutvecklare. Jag\u00a0har genom hela mitt yrkesliv befunnit mig i sp\u00e4nningsf\u00e4ltet mellan verksamhetsbehov och tekniska f\u00f6ruts\u00e4ttningar och m\u00f6jligheter och de\u00a0f\u00f6r\u00e4ndring\u00a0av arbete och arbetsinneh\u00e5ll detta lett till. Arbetet\u00a0har gett mig m\u00e5nga \u00e5rs tr\u00e4ning\u00a0i process- och workshopledning samt stor erfarenhet av att anordna och h\u00e5lla utbildningar p\u00e5 olika niv\u00e5er.<\/p>\n<p>De filosofiska\u00a0fr\u00e5gest\u00e4llningarna och det existentiella perspektivet har dock alltid legat mig varmt om hj\u00e4rtat och d\u00e4rf\u00f6r var det ett naturligt steg att under 2013-2014 g\u00f6ra en strategisk satsning och komplettera min utbildning med ett \u00e5rs h\u00f6gskolestudier av existentiell filosofi o psykologi samt en coachutbildning.\u00a0Detta har breddat mitt arbetss\u00e4tt och f\u00f6rdjupat min kompetens men har framf\u00f6r allt f\u00f6rst\u00e4rkt\u00a0min redan stora\u00a0tilltro\u00a0p\u00e5 samtalets v\u00e4rde.<\/p>\n<div class=\"fusion-menu-anchor\" id=\"min_utgangspunkt\"><\/div><p><strong>Min\u00a0utg\u00e5ngspunkt<\/strong><br \/>\nJag har alltid \u00e4lskat att samtala med andra. Att f\u00e5 lyssna och l\u00e4ra av n\u00e5gons tankar kring tro, vetande, identitet eller k\u00e4rlek mm \u00e4r sp\u00e4nnande, och att sedan dessutom f\u00e5 m\u00f6jlighet att\u00a0bidra till en f\u00f6rdjupning och f\u00f6r\u00e4ndring i tankes\u00e4tt och handling \u00e4r f\u00f6r mig ett privilegium.\u00a0Ett samtal \u00e4r ett \u00f6msesidigt utbyte och l\u00e4rande, oavsett vad eller vem som st\u00e5r i fokus f\u00f6r samtalet. Det \u00e4r d\u00e4rf\u00f6r det \u00e4r s\u00e5 givande.<\/p>\n<p>Jag tror p\u00e5 samtalets kraft, p\u00e5 samtalet som verktyg f\u00f6r eftertanke, insikt, val och\u00a0f\u00f6r\u00e4ndring. Att genom\u00a0samtal:<br \/>\n&#8211; ta sig tid att betrakta och reflektera \u00f6ver det som \u00e4r och vad man vill<br \/>\n&#8211; v\u00e5ga pr\u00f6va p\u00e5 nytt, v\u00e5ga leka och l\u00e4ra genom misslyckande<br \/>\n&#8211; skapa mening och riktning<br \/>\n&#8211; v\u00e5ga v\u00e4lja, prioritera och b\u00f6rja agera och f\u00e5 till st\u00e5nd en f\u00f6r\u00e4ndring<\/p>\n<p>Jag har en upps\u00e4ttning\u00a0verktyg och f\u00f6rh\u00e5llningss\u00e4tt som underst\u00f6djer och f\u00f6rst\u00e4rker detta i mina samtal. Jag erbjuder d\u00e4rf\u00f6r flera\u00a0former av samtal som p\u00e5 olika s\u00e4tt tar sin utg\u00e5ngspunkt i detta.<\/p>\n<div class=\"fusion-image-carousel fusion-image-carousel-fixed lightbox-enabled\"><div class=\"fusion-carousel\" data-autoplay=\"yes\" data-columns=\"3\" data-itemmargin=\"13\" data-itemwidth=\"180\" data-touchscroll=\"no\" data-imagesize=\"fixed\"><div class=\"fusion-carousel-positioner\"><ul class=\"fusion-carousel-holder\"><li class=\"fusion-carousel-item\"><div class=\"fusion-carousel-item-wrapper\"><div class=\"fusion-image-wrapper hover-type-zoomin\"><a data-rel=\"iLightbox[gallery_image_1]\" data-title=\"dsc_1605\" href=\"http:\/\/www.samtala.nu\/wp-content\/uploads\/2016\/09\/DSC_1605-300x201.jpg\" target=\"_self\"><img loading=\"lazy\" decoding=\"async\" src=\"http:\/\/www.samtala.nu\/wp-content\/uploads\/2016\/09\/DSC_1605-300x201.jpg\" width=\"300\" height=\"201\" alt=\"\" \/><\/a><\/div><\/div><\/li><li class=\"fusion-carousel-item\"><div class=\"fusion-carousel-item-wrapper\"><div class=\"fusion-image-wrapper hover-type-zoomin\"><a data-rel=\"iLightbox[gallery_image_1]\" data-title=\"dsc_1412\" href=\"http:\/\/www.samtala.nu\/wp-content\/uploads\/2016\/09\/DSC_1412-300x201.jpg\" target=\"_self\"><img loading=\"lazy\" decoding=\"async\" src=\"http:\/\/www.samtala.nu\/wp-content\/uploads\/2016\/09\/DSC_1412-300x201.jpg\" width=\"300\" height=\"201\" alt=\"\" \/><\/a><\/div><\/div><\/li><li class=\"fusion-carousel-item\"><div class=\"fusion-carousel-item-wrapper\"><div class=\"fusion-image-wrapper hover-type-zoomin\"><a data-rel=\"iLightbox[gallery_image_1]\" data-title=\"dsc_1453\" href=\"http:\/\/www.samtala.nu\/wp-content\/uploads\/2016\/09\/DSC_1453-300x201.jpg\" target=\"_self\"><img loading=\"lazy\" decoding=\"async\" src=\"http:\/\/www.samtala.nu\/wp-content\/uploads\/2016\/09\/DSC_1453-300x201.jpg\" width=\"300\" height=\"201\" alt=\"\" \/><\/a><\/div><\/div><\/li><\/ul><div class=\"fusion-carousel-nav\"><span class=\"fusion-nav-prev\"><\/span><span class=\"fusion-nav-next\"><\/span><\/div><\/div><\/div><\/div><div class=\"fusion-menu-anchor\" id=\"cv\"><\/div><p><strong>Utbildningar &amp; kurser<\/strong><br \/>\nUtbildningar jag g\u00e5r nu:<br \/>\n&#8211; Deltar en Heidegger-cirkel (anordnad av SEPT) &#8211; L\u00e4sning och diskussion av Heideggers bok &#8221;Vara och Tid&#8221; 2016-2017<\/p>\n<p>Tidigare utbildningar &amp; kurser jag deltagit i:<br \/>\n&#8211; Professionel undren og unders\u00f8gelse, 5 ETCS-points, Aalborg universitet, Danmark Ht-2016 (Et introduktions- og grundkursus til at arbejde med undrings-baserede dialog- og refleksions-processer (wonder labs) i professionelle sammenh\u00e6nge.)<br \/>\n&#8211; ACT \u2013 Acceptance and Commitment Therapy, 5 dagar, Humanova, Stockholm 2015<br \/>\n&#8211; Buddism, en existentiell filosofi fr\u00e5n \u00f6st, Ted Schr\u00f6der, Existentiellt.nu 1 dag, 2015<br \/>\n&#8211; Sokratiska samtal, SSFP, Kristof van Rossem, Stockholm 2 dagar 2015<br \/>\n&#8211; Focusing &#8211; Fenomenologiskt m\u00f6te med kroppen, Existentiellt.nu 1 dag 2015<br \/>\n&#8211; Diplomerad Coach, Coach Walk Academy, Vt 2014<br \/>\n&#8211; Det existentiella samtalet, existentiell filosofi och psykologi, 30hp S\u00f6dert\u00f6rns h\u00f6gskola 2013-2014<br \/>\n&#8211; UGL &#8211; Utveckling av grupp och ledare, CoreCode, 5 dagar, 2009<\/p>\n<div class=\"fusion-menu-anchor\" id=\"for_din_sakerhet\"><\/div><p><strong>F\u00f6r din s\u00e4kerhet<\/strong><br \/>\nJag har tystnadsplikt och har f\u00f6rbundit mig att jobba under <a href=\"http:\/\/icfsverige.se\/wp-content\/uploads\/2015\/10\/ICF-Etiska-Riktlinjer-p%C3%A5-svenska-20160529.pdf\" target=\"_blank\" rel=\"noopener noreferrer\">ICF etiska regler<\/a> samt <a href=\"https:\/\/static1.squarespace.com\/static\/55167b7be4b05ec98fdd4564\/t\/56994f39c21b8619545d2c78\/1452887866661\/Bilaga+3.+F%C3%B6rslag+p%C3%A5+etiska+riktlinjer+2016.pdf\" target=\"_blank\" rel=\"noopener noreferrer\">SSFP etiska regler<\/a><br \/>\n&#8211; Jag \u00e4r ansvarsf\u00f6rs\u00e4krad, via SFKM<br \/>\n&#8211; Jag innehar F-skattsedel<br \/>\n&#8211; Jag \u00e4r medlem i:<\/p>\n<p style=\"padding-left: 30px; padding-top: -15px;\">&#8211; SSFP &#8211; Svenska s\u00e4llskapet f\u00f6r Filosofisk Praxis:\u00a0http:\/\/www.filosofiskpraxis.org\/<br \/>\n&#8211; ICF &#8211;\u00a0International Coach Federation:\u00a0http:\/\/icfsverige.se<br \/>\n&#8211; SEPT &#8211;\u00a0S\u00e4llskapet f\u00f6r Existentiell Psykoterapi : http:\/\/www.sept.nu<\/p>\n<div class=\"fusion-image-carousel fusion-image-carousel-fixed lightbox-enabled fusion-carousel-border\"><div class=\"fusion-carousel\" data-autoplay=\"yes\" data-columns=\"5\" data-itemmargin=\"13\" data-itemwidth=\"180\" data-touchscroll=\"no\" data-imagesize=\"fixed\"><div class=\"fusion-carousel-positioner\"><ul class=\"fusion-carousel-holder\"><li class=\"fusion-carousel-item\"><div class=\"fusion-carousel-item-wrapper\"><div class=\"fusion-image-wrapper hover-type-liftup\"><a data-rel=\"iLightbox[gallery_image_2]\" data-title=\"logo_03\" href=\"http:\/\/icfsverige.se\/\" target=\"_blank\"><img loading=\"lazy\" decoding=\"async\" src=\"http:\/\/www.samtala.nu\/wp-content\/uploads\/2016\/09\/logo_03-300x104.jpg\" width=\"300\" height=\"104\" alt=\"\" \/><\/a><\/div><\/div><\/li><li class=\"fusion-carousel-item\"><div class=\"fusion-carousel-item-wrapper\"><div class=\"fusion-image-wrapper hover-type-liftup\"><a data-rel=\"iLightbox[gallery_image_2]\" data-title=\"static1-squarespace\" href=\"http:\/\/www.filosofiskpraxis.org\/\" target=\"_blank\"><img loading=\"lazy\" decoding=\"async\" src=\"http:\/\/www.samtala.nu\/wp-content\/uploads\/2016\/09\/static1.squarespace-300x96.jpg\" width=\"300\" height=\"96\" alt=\"\" \/><\/a><\/div><\/div><\/li><li class=\"fusion-carousel-item\"><div class=\"fusion-carousel-item-wrapper\"><div class=\"fusion-image-wrapper hover-type-liftup\"><a data-rel=\"iLightbox[gallery_image_2]\" data-title=\"copy-skarmbild_2013-09-24_13_46-2\" href=\"http:\/\/www.sept.nu\/\" target=\"_blank\"><img loading=\"lazy\" decoding=\"async\" src=\"http:\/\/www.samtala.nu\/wp-content\/uploads\/2016\/09\/copy-Sk\u00e4rmbild_2013-09-24_13_46-2-300x67.png\" width=\"300\" height=\"67\" alt=\"\" \/><\/a><\/div><\/div><\/li><\/ul><div class=\"fusion-carousel-nav\"><span class=\"fusion-nav-prev\"><\/span><span class=\"fusion-nav-next\"><\/span><\/div><\/div><\/div><\/div><div class=\"fusion-clearfix\"><\/div><\/div><\/div><div class=\"fusion-clearfix\"><\/div>\n","protected":false},"excerpt":{"rendered":"","protected":false},"author":1,"featured_media":0,"parent":0,"menu_order":0,"comment_status":"closed","ping_status":"closed","template":"","meta":{"footnotes":"","_links_to":"","_links_to_target":""},"class_list":["post-6","page","type-page","status-publish","hentry"],"_links":{"self":[{"href":"https:\/\/www.samtala.nu\/index.php\/wp-json\/wp\/v2\/pages\/6","targetHints":{"allow":["GET"]}}],"collection":[{"href":"https:\/\/www.samtala.nu\/index.php\/wp-json\/wp\/v2\/pages"}],"about":[{"href":"https:\/\/www.samtala.nu\/index.php\/wp-json\/wp\/v2\/types\/page"}],"author":[{"embeddable":true,"href":"https:\/\/www.samtala.nu\/index.php\/wp-json\/wp\/v2\/users\/1"}],"replies":[{"embeddable":true,"href":"https:\/\/www.samtala.nu\/index.php\/wp-json\/wp\/v2\/comments?post=6"}],"version-history":[{"count":47,"href":"https:\/\/www.samtala.nu\/index.php\/wp-json\/wp\/v2\/pages\/6\/revisions"}],"predecessor-version":[{"id":409,"href":"https:\/\/www.samtala.nu\/index.php\/wp-json\/wp\/v2\/pages\/6\/revisions\/409"}],"wp:attachment":[{"href":"https:\/\/www.samtala.nu\/index.php\/wp-json\/wp\/v2\/media?parent=6"}],"curies":[{"name":"wp","href":"https:\/\/api.w.org\/{rel}","templated":true}]}}