{"id":85,"date":"2016-08-05T15:58:06","date_gmt":"2016-08-05T13:58:06","guid":{"rendered":"http:\/\/www.samtala.nu\/?page_id=85"},"modified":"2016-08-09T12:42:15","modified_gmt":"2016-08-09T10:42:15","slug":"gruppsamtalworkshop","status":"publish","type":"page","link":"https:\/\/www.samtala.nu\/index.php\/tjanster\/gruppsamtalworkshop\/","title":{"rendered":"Gruppsamtal\/Workshop"},"content":{"rendered":"<div class=\"fusion-one-fourth fusion-layout-column fusion-spacing-yes\" style=\"margin-top:0px;margin-bottom:20px;\"><div class=\"fusion-column-wrapper\"><div class=\"fusion-clearfix\"><\/div><\/div><\/div><div class=\"fusion-one-half fusion-layout-column fusion-spacing-yes\" style=\"margin-top:0px;margin-bottom:1px;\"><div class=\"fusion-column-wrapper\"><div class=\"fusion-content-boxes content-boxes columns fusion-columns-3 fusion-columns-total-3 fusion-content-boxes-1 content-boxes-icon-on-top row content-left\" data-animationOffset=\"100%\" style=\"margin-top:0px;margin-bottom:10px;\"><style type=\"text\/css\" scoped=\"scoped\">.fusion-content-boxes-1 .heading h2{color:#828282;}\n\t\t\t.fusion-content-boxes-1 .fusion-content-box-hover .link-area-link-icon-hover .heading h2,\n\t\t\t.fusion-content-boxes-1 .fusion-content-box-hover .link-area-link-icon-hover .heading .heading-link h2,\n\t\t\t.fusion-content-boxes-1 .fusion-content-box-hover .link-area-box-hover .heading h2,\n\t\t\t.fusion-content-boxes-1 .fusion-content-box-hover .link-area-box-hover .heading .heading-link h2,\n\t\t\t.fusion-content-boxes-1 .fusion-content-box-hover .link-area-link-icon-hover.link-area-box .fusion-read-more,\n\t\t\t.fusion-content-boxes-1 .fusion-content-box-hover .link-area-link-icon-hover.link-area-box .fusion-read-more::after,\n\t\t\t.fusion-content-boxes-1 .fusion-content-box-hover .link-area-link-icon-hover.link-area-box .fusion-read-more::before,\n\t\t\t.fusion-content-boxes-1 .fusion-content-box-hover .fusion-read-more:hover:after,\n\t\t\t.fusion-content-boxes-1 .fusion-content-box-hover .fusion-read-more:hover:before,\n\t\t\t.fusion-content-boxes-1 .fusion-content-box-hover .fusion-read-more:hover,\n\t\t\t.fusion-content-boxes-1 .fusion-content-box-hover .link-area-box-hover.link-area-box .fusion-read-more,\n\t\t\t.fusion-content-boxes-1 .fusion-content-box-hover .link-area-box-hover.link-area-box .fusion-read-more::after,\n\t\t\t.fusion-content-boxes-1 .fusion-content-box-hover .link-area-box-hover.link-area-box .fusion-read-more::before,\n\t\t\t.fusion-content-boxes-1 .fusion-content-box-hover .link-area-link-icon-hover .icon .circle-no,\n\t\t\t.fusion-content-boxes-1 .fusion-content-box-hover .link-area-box-hover .icon .circle-no {\n\t\t\t\tcolor: #e9a825 !important;\n\t\t\t}\n\t\t\t.fusion-content-boxes-1 .fusion-content-box-hover .heading-link:hover .icon i.circle-yes,\n\t\t\t.fusion-content-boxes-1 .fusion-content-box-hover .link-area-box:hover .heading-link .icon i.circle-yes,\n\t\t\t.fusion-content-boxes-1 .fusion-content-box-hover .link-area-link-icon-hover .heading .icon i.circle-yes,\n\t\t\t.fusion-content-boxes-1 .fusion-content-box-hover .link-area-box-hover .heading .icon i.circle-yes {\n\t\t\t\tbackground-color: #e9a825 !important;\n\t\t\t\tborder-color: #e9a825 !important;\n\t\t\t}<\/style><div class=\"fusion-column content-box-column content-box-column-1 col-lg-4 col-md-4 col-sm-4 fusion-content-box-hover content-box-column-first-in-row\"><div class=\"col content-wrapper link-area-box link-type-text icon-hover-animation-fade\" style=\"background-color:rgba(255,255,255,0);\" data-link=\"http:\/\/www.samtala.nu\/index.php\/tjanster\/gruppsamtalworkshop\/workshop\/\" data-link-target=\"_self\"><div class=\"heading heading-with-icon icon-left\"><a class=\"heading-link\" href=\"http:\/\/www.samtala.nu\/index.php\/tjanster\/gruppsamtalworkshop\/workshop\/\" target=\"_self\"><div class=\"icon\"><i style=\"border-color:#828282;border-width:1px;background-color:#a5a5a5;height:42px;width:42px;line-height:42px;border-radius:50%;color:#ffffff;font-size:21px;\" class=\"fa fontawesome-icon fa-cogs circle-yes\"><\/i><\/div><h2 class=\"content-box-heading\" style=\"font-size: 18px;line-height:23px;\">Workshop<\/h2><\/a><\/div><div class=\"fusion-clearfix\"><\/div><div class=\"content-container\" style=\"color:#747474;\"><\/div><\/div><\/div><div class=\"fusion-column content-box-column content-box-column-2 col-lg-4 col-md-4 col-sm-4 fusion-content-box-hover\"><div class=\"col content-wrapper link-area-box link-type-text icon-hover-animation-fade\" style=\"background-color:rgba(255,255,255,0);\" data-link=\"http:\/\/www.samtala.nu\/index.php\/tjanster\/gruppsamtalworkshop\/sokratiskt-samtal\/\" data-link-target=\"_self\"><div class=\"heading heading-with-icon icon-left\"><a class=\"heading-link\" href=\"http:\/\/www.samtala.nu\/index.php\/tjanster\/gruppsamtalworkshop\/sokratiskt-samtal\/\" target=\"_self\"><div class=\"icon\"><i style=\"border-color:#828282;border-width:1px;background-color:#a5a5a5;height:42px;width:42px;line-height:42px;border-radius:50%;color:#ffffff;font-size:21px;\" class=\"fa fontawesome-icon fa-comments-o circle-yes\"><\/i><\/div><h2 class=\"content-box-heading\" style=\"font-size: 18px;line-height:23px;\">Sokratiska samtal<\/h2><\/a><\/div><div class=\"fusion-clearfix\"><\/div><div class=\"content-container\" style=\"color:#747474;\"><\/div><\/div><\/div><div class=\"fusion-column content-box-column content-box-column-3 col-lg-4 col-md-4 col-sm-4 fusion-content-box-hover content-box-column-last content-box-column-last-in-row\"><div class=\"col content-wrapper link-area-box link-type-text icon-hover-animation-fade\" style=\"background-color:rgba(255,255,255,0);\" data-link=\"http:\/\/www.samtala.nu\/index.php\/tjanster\/gruppsamtalworkshop\/filosofiskt-kafe\/\" data-link-target=\"_self\"><div class=\"heading heading-with-icon icon-left\"><a class=\"heading-link\" href=\"http:\/\/www.samtala.nu\/index.php\/tjanster\/gruppsamtalworkshop\/filosofiskt-kafe\/\" target=\"_self\"><div class=\"icon\"><i style=\"border-color:#828282;border-width:1px;background-color:#a5a5a5;height:42px;width:42px;line-height:42px;border-radius:50%;color:#ffffff;font-size:21px;\" class=\"fa fontawesome-icon fa-users circle-yes\"><\/i><\/div><h2 class=\"content-box-heading\" style=\"font-size: 18px;line-height:23px;\">Filosofiskt kaf\u00e9<\/h2><\/a><\/div><div class=\"fusion-clearfix\"><\/div><div class=\"content-container\" style=\"color:#747474;\"><\/div><\/div><\/div><div class=\"fusion-clearfix\"><\/div><div class=\"fusion-clearfix\"><\/div><\/div><div class=\"fusion-clearfix\"><\/div><\/div><\/div><div class=\"fusion-one-fourth fusion-layout-column fusion-column-last fusion-spacing-yes\" style=\"margin-top:0px;margin-bottom:20px;\"><div class=\"fusion-column-wrapper\"><div class=\"fusion-clearfix\"><\/div><\/div><\/div><div class=\"fusion-clearfix\"><\/div><div class=\"fusion-one-full fusion-layout-column fusion-column-last fusion-spacing-yes\" style=\"margin-top:50px;margin-bottom:20px;\"><div class=\"fusion-column-wrapper\"><style type='text\/css'>.reading-box-container-1 .element-bottomshadow:before,.reading-box-container-1 .element-bottomshadow:after{opacity:0.7;}<\/style><div class=\"fusion-reading-box-container reading-box-container-1\" style=\"margin-top:0px;margin-bottom:84px;\"><div class=\"reading-box\" style=\"background-color:#f6f6f6;border-width:1px;border-color:#f6f6f6;border-top-width:3px;border-top-color:#e9a825;border-style:solid;\"><div class=\"reading-box-additional\">\n<p style=\"text-align: center;\">Eftert\u00e4nksamma\u00a0samtal i grupp. M\u00f6ten\u00a0d\u00e4r samtliga deltagares kunskap tas till vara och d\u00e4r alla k\u00e4nner att de engageras, \u00e4r delaktiga och f\u00e5r komma till tals och d\u00e4r olika\u00a0perspektiv kan\u00a0pr\u00f6vas gemensamt.<\/p>\n<\/div><\/div><\/div><div class=\"fusion-clearfix\"><\/div><\/div><\/div><div class=\"fusion-clearfix\"><\/div>\n","protected":false},"excerpt":{"rendered":"","protected":false},"author":1,"featured_media":0,"parent":31,"menu_order":0,"comment_status":"closed","ping_status":"closed","template":"","meta":{"footnotes":"","_links_to":"","_links_to_target":""},"class_list":["post-85","page","type-page","status-publish","hentry"],"_links":{"self":[{"href":"https:\/\/www.samtala.nu\/index.php\/wp-json\/wp\/v2\/pages\/85","targetHints":{"allow":["GET"]}}],"collection":[{"href":"https:\/\/www.samtala.nu\/index.php\/wp-json\/wp\/v2\/pages"}],"about":[{"href":"https:\/\/www.samtala.nu\/index.php\/wp-json\/wp\/v2\/types\/page"}],"author":[{"embeddable":true,"href":"https:\/\/www.samtala.nu\/index.php\/wp-json\/wp\/v2\/users\/1"}],"replies":[{"embeddable":true,"href":"https:\/\/www.samtala.nu\/index.php\/wp-json\/wp\/v2\/comments?post=85"}],"version-history":[{"count":4,"href":"https:\/\/www.samtala.nu\/index.php\/wp-json\/wp\/v2\/pages\/85\/revisions"}],"predecessor-version":[{"id":257,"href":"https:\/\/www.samtala.nu\/index.php\/wp-json\/wp\/v2\/pages\/85\/revisions\/257"}],"up":[{"embeddable":true,"href":"https:\/\/www.samtala.nu\/index.php\/wp-json\/wp\/v2\/pages\/31"}],"wp:attachment":[{"href":"https:\/\/www.samtala.nu\/index.php\/wp-json\/wp\/v2\/media?parent=85"}],"curies":[{"name":"wp","href":"https:\/\/api.w.org\/{rel}","templated":true}]}}