{"id":93,"date":"2016-08-05T16:03:01","date_gmt":"2016-08-05T14:03:01","guid":{"rendered":"http:\/\/www.samtala.nu\/?page_id=93"},"modified":"2016-08-09T13:00:58","modified_gmt":"2016-08-09T11:00:58","slug":"workshop","status":"publish","type":"page","link":"https:\/\/www.samtala.nu\/index.php\/tjanster\/gruppsamtalworkshop\/workshop\/","title":{"rendered":"Workshop"},"content":{"rendered":"<div class=\"fusion-two-third fusion-layout-column fusion-spacing-yes\" style=\"margin-top:0px;margin-bottom:0px;\"><div class=\"fusion-column-wrapper\"><style type='text\/css'>.reading-box-container-1 .element-bottomshadow:before,.reading-box-container-1 .element-bottomshadow:after{opacity:0.7;}<\/style><div class=\"fusion-reading-box-container reading-box-container-1\" style=\"margin-top:0px;margin-bottom:30px;\"><div class=\"reading-box\" style=\"background-color:#f6f6f6;border-width:1px;border-color:#f6f6f6;border-style:solid;\"><div class=\"reading-box-additional\">En v\u00e4l fungerande workshop \u00e4r ett informellt och kreativt samtal. En m\u00f6tesform d\u00e4r samtliga deltagares kunskap tas till vara och d\u00e4r alla k\u00e4nner att de engageras, \u00e4r delaktiga och f\u00e5r komma till tals.\u00a0En workshop \u00e4r en fantastisk m\u00f6jlighet att skapa entusiasm och v\u00e4nda ut och in p\u00e5 ett problem f\u00f6r att hitta nya infallsvinklar och l\u00f6sningar.\u00a0Om ni alla vill vara delaktiga i arbetet kan det \u00e4ven vara bra att en neutral person ser till att ni effektivt kommer i m\u00e5l, och f\u00e5r ut \u00f6nskv\u00e4rt resultat. Jag har l\u00e5ng erfarenhet av att planera och genomf\u00f6ra workshops av olika slag, och hj\u00e4lper g\u00e4rna till, vare sig ni beh\u00f6ver st\u00f6d och hj\u00e4lp f\u00f6r att sj\u00e4lva kunna h\u00e5lla en workshop eller om ni vill l\u00e4mna \u00f6ver hela genomf\u00f6randet till mig. N\u00e4r jag leder en workshop s\u00e4kerst\u00e4ller jag att alla \u00e4r aktiva och bidrar och att ni inte fastnar i diskussioner utan kommer fram till ett resultat.<\/p>\n<p>Ta g\u00e4rna kontakt s\u00e5 kan vi diskutera oss fram till ett uppl\u00e4gg som passar bra i er situation.<\/div><\/div><\/div><div class=\"fusion-clearfix\"><\/div><\/div><\/div><div class=\"fusion-one-third fusion-layout-column fusion-column-last fusion-spacing-yes\" style=\"margin-top:0px;margin-bottom:0px;\"><div class=\"fusion-column-wrapper\"><style type='text\/css'>.reading-box-container-2 .element-bottomshadow:before,.reading-box-container-2 .element-bottomshadow:after{opacity:0.7;}<\/style><div class=\"fusion-reading-box-container reading-box-container-2\" style=\"margin-top:0px;margin-bottom:30px;\"><div class=\"reading-box\" style=\"background-color:#f6f6f6;border-width:1px;border-color:#f6f6f6;border-style:solid;\"><h2>M\u00e5lgrupp:<\/h2><div class=\"reading-box-additional\">Alla st\u00f6rre grupperingar\/sammanslutningar av m\u00e4nniskor (tex: f\u00f6retag och organisationer, intressef\u00f6reningar, kommuner och myndigheter, institutioner och skolor mfl.) d\u00e4r man beh\u00f6ver arbeta med:<\/p>\n<ul>\n<li>Utveckla samsyn<\/li>\n<li>Inventera behov\/krav, risker\/m\u00f6jligheter, nul\u00e4ge och m\u00e5l<\/li>\n<li>Ta fram nya id\u00e9er<\/li>\n<li>F\u00e5 delaktighet i en process<\/li>\n<li>Testa n\u00e5got nytt<\/li>\n<\/ul>\n<\/div><\/div><\/div><style type='text\/css'>.reading-box-container-3 .element-bottomshadow:before,.reading-box-container-3 .element-bottomshadow:after{opacity:0.7;}<\/style><div class=\"fusion-reading-box-container reading-box-container-3\" style=\"margin-top:0px;margin-bottom:30px;\"><div class=\"reading-box\" style=\"background-color:#f6f6f6;border-width:1px;border-color:#f6f6f6;border-style:solid;\"><h2>Exempel p\u00e5 teman:<\/h2><div class=\"reading-box-additional\">Workshopar kan anv\u00e4ndas i m\u00e5nga olika sammanhang, tex:<\/p>\n<ul>\n<li>Vid ett uppstartsm\u00f6te av n\u00e5got nytt. t.ex. ett projekt<\/li>\n<li>Identifiera risker och m\u00f6jligheter med en st\u00f6rre satsning<\/li>\n<li>Samr\u00e5dsf\u00f6rfarande<\/li>\n<li>Test eller utbildning av en produkt\/programvara<\/li>\n<li>Verksamhets- eller organisationsf\u00f6r\u00e4ndring<\/li>\n<li>m\u00e5l- och visionsarbete<\/li>\n<li>aff\u00e4rsutveckling<\/li>\n<li>processutveckling<\/li>\n<li>Behovs och kravhantering<\/li>\n<li>informationsmodellering<\/li>\n<\/ul>\n<\/div><\/div><\/div><div class=\"fusion-clearfix\"><\/div><\/div><\/div><div class=\"fusion-clearfix\"><\/div>\n","protected":false},"excerpt":{"rendered":"","protected":false},"author":1,"featured_media":0,"parent":85,"menu_order":0,"comment_status":"closed","ping_status":"closed","template":"","meta":{"footnotes":"","_links_to":"","_links_to_target":""},"class_list":["post-93","page","type-page","status-publish","hentry"],"_links":{"self":[{"href":"https:\/\/www.samtala.nu\/index.php\/wp-json\/wp\/v2\/pages\/93","targetHints":{"allow":["GET"]}}],"collection":[{"href":"https:\/\/www.samtala.nu\/index.php\/wp-json\/wp\/v2\/pages"}],"about":[{"href":"https:\/\/www.samtala.nu\/index.php\/wp-json\/wp\/v2\/types\/page"}],"author":[{"embeddable":true,"href":"https:\/\/www.samtala.nu\/index.php\/wp-json\/wp\/v2\/users\/1"}],"replies":[{"embeddable":true,"href":"https:\/\/www.samtala.nu\/index.php\/wp-json\/wp\/v2\/comments?post=93"}],"version-history":[{"count":3,"href":"https:\/\/www.samtala.nu\/index.php\/wp-json\/wp\/v2\/pages\/93\/revisions"}],"predecessor-version":[{"id":262,"href":"https:\/\/www.samtala.nu\/index.php\/wp-json\/wp\/v2\/pages\/93\/revisions\/262"}],"up":[{"embeddable":true,"href":"https:\/\/www.samtala.nu\/index.php\/wp-json\/wp\/v2\/pages\/85"}],"wp:attachment":[{"href":"https:\/\/www.samtala.nu\/index.php\/wp-json\/wp\/v2\/media?parent=93"}],"curies":[{"name":"wp","href":"https:\/\/api.w.org\/{rel}","templated":true}]}}