{"id":96,"date":"2016-08-05T16:03:25","date_gmt":"2016-08-05T14:03:25","guid":{"rendered":"http:\/\/www.samtala.nu\/?page_id=96"},"modified":"2016-08-08T09:46:15","modified_gmt":"2016-08-08T07:46:15","slug":"sokratiskt-samtal","status":"publish","type":"page","link":"https:\/\/www.samtala.nu\/index.php\/tjanster\/gruppsamtalworkshop\/sokratiskt-samtal\/","title":{"rendered":"Sokratiskt samtal"},"content":{"rendered":"<div class=\"fusion-two-third fusion-layout-column fusion-spacing-yes\" style=\"margin-top:0px;margin-bottom:0px;\"><div class=\"fusion-column-wrapper\"><style type='text\/css'>.reading-box-container-1 .element-bottomshadow:before,.reading-box-container-1 .element-bottomshadow:after{opacity:0.7;}<\/style><div class=\"fusion-reading-box-container reading-box-container-1\" style=\"margin-top:0px;margin-bottom:30px;\"><div class=\"reading-box\" style=\"background-color:#f6f6f6;border-width:1px;border-color:#f6f6f6;border-style:solid;\"><div class=\"reading-box-additional\">Ett sokratiskt samtal a\u0308r ett gemensamt utforskande genom efterta\u0308nksam dialog. Samtalet en m\u00f6tesplats da\u0308r olika sta\u030andpunkter och f\u00f6reteelser tryggt kan underso\u0308kas gemensamt i grupp f\u00f6r att vidga perspektiven och s\u00f6ka n\u00e5 djupare f\u00f6rst\u00e5else tillsammans. Samtalet a\u0308r allas ansvar, ett \u201dgruppta\u0308nk\u201d da\u0308r man hja\u0308lps a\u030at att hitta ba\u0308ttre och ba\u0308ttre lo\u0308sningar. Det a\u0308r inte en debatt da\u0308r na\u030agon vinner, och na\u030agon annan fo\u0308rlorar. Samtalet har d\u00e4rf\u00f6r besta\u0308mda regler fo\u0308r hur deltagarna fa\u030ar bete sig f\u00f6r att f\u00e5 delta. Dessa reglerna a\u0308r medvetet utformade fo\u0308r att ha positiva pedagogiska och intellektuella effekter pa\u030a deltagarna och p\u00e5 samtalets utveckling samt bidra till \u00f6kad respekt och gemenskap i gruppen.<\/div><\/div><\/div><div class=\"fusion-testimonials classic fusion-testimonials-1\" data-random=\"0\"><style type='text\/css' scoped='scoped'>\n\t\t#fusion-testimonials-1 a{border-color: #747474;}#fusion-testimonials-1 a:hover, #fusion-testimonials-1 .activeSlide{background-color: #747474;}\n\t\t.fusion-testimonials.classic.fusion-testimonials-1 .author:after{border-top-color:#f6f6f6 !important;}<\/style><div class=\"reviews\"><div class=\"review male\"><blockquote><q style=\"background-color:#f6f6f6;color:#747474;\">\u201dI viss mening \u00e4r det (dvs. sokratiska samtal min anm.) som ett slags spel eller ett skapat \u201dtrygghetsrum\u201d, ett intellektuellt laboratorium, d\u00e4r deltagarna erbjuds m\u00f6jligheten till intellektuella experiment utan att beh\u00f6va k\u00e4nna sig r\u00e4dda eller st\u00e5 till svars f\u00f6r sina f\u00f6rslag \u2013 samtalet skall vara en dialog d\u00e4r deltagarna gemensamt s\u00f6ker efter acceptabla svar och d\u00e4r ingen h\u00e5lls personligt ansvarig f\u00f6r n\u00e5got som presenteras. Gruppen tar gemensamt ansvar f\u00f6r framg\u00e5ngar och motg\u00e5ngar i resonerandet.\u201d <\/q><\/blockquote><div class=\"author\" style=\"color:#747474;\"><span class=\"testimonial-thumbnail doe\" style=\"color:#747474;\"><\/span><span class=\"company-name\"><strong>- \u201dSokratisk metod &amp; sokratiska samtal\u201d, examensarbete 2011 av Daniel Nordstr\u00f6m vid Stockholms universitet.<\/strong><\/span><\/div><\/div><\/div><\/div><div class=\"fusion-clearfix\"><\/div><\/div><\/div><div class=\"fusion-one-third fusion-layout-column fusion-column-last fusion-spacing-yes\" style=\"margin-top:0px;margin-bottom:0px;\"><div class=\"fusion-column-wrapper\"><style type='text\/css'>.reading-box-container-2 .element-bottomshadow:before,.reading-box-container-2 .element-bottomshadow:after{opacity:0.7;}<\/style><div class=\"fusion-reading-box-container reading-box-container-2\" style=\"margin-top:0px;margin-bottom:30px;\"><div class=\"reading-box\" style=\"background-color:#f6f6f6;border-width:1px;border-color:#f6f6f6;border-style:solid;\"><h2>F\u00f6rh\u00e5llningss\u00e4tt och metod<\/h2><div class=\"reading-box-additional\">Det sokratiska samtalet utg\u00e5r fr\u00e5n ett tema eller underlag, tex en bild, en text, ett p\u00e5st\u00e5ende eller en fr\u00e5ga, och deltagarna analyserar och granskar utforskande, b\u00e5de kreativt och kritiskt, de id\u00e9er och v\u00e4rderingar som finns relaterat till temat\/underlaget b\u00e5de individuellt och gemensamt. Samtalet avslutas med att deltagarna v\u00e4rderar de id\u00e9er som framkommit i samtalet, och kopplar dessa till sina egna erfarenheter samt utv\u00e4rderar sj\u00e4lva samtalet och dess utveckling.<\/p>\n<p>Metoden praktiseras i flera l\u00e4nder, ut\u00f6ver Sverige bland annat i USA, och fokuserar p\u00e5 dialog om grundl\u00e4ggande filosofiska id\u00e9er och hur dessa ska v\u00e4rderas. Se: <a href=\"http:\/\/www.filosofiskpraxis.org\">http:\/\/www.filosofiskpraxis.org<\/a><\/div><\/div><\/div><div class=\"fusion-content-boxes content-boxes columns fusion-columns-1 fusion-columns-total-1 fusion-content-boxes-1 content-boxes-icon-with-title row content-left\" data-animationOffset=\"100%\" style=\"margin-top:0px;margin-bottom:30px;\"><style type=\"text\/css\" scoped=\"scoped\">.fusion-content-boxes-1 .heading h2{color:#000000;}\n\t\t\t.fusion-content-boxes-1 .fusion-content-box-hover .link-area-link-icon-hover .heading h2,\n\t\t\t.fusion-content-boxes-1 .fusion-content-box-hover .link-area-link-icon-hover .heading .heading-link h2,\n\t\t\t.fusion-content-boxes-1 .fusion-content-box-hover .link-area-box-hover .heading h2,\n\t\t\t.fusion-content-boxes-1 .fusion-content-box-hover .link-area-box-hover .heading .heading-link h2,\n\t\t\t.fusion-content-boxes-1 .fusion-content-box-hover .link-area-link-icon-hover.link-area-box .fusion-read-more,\n\t\t\t.fusion-content-boxes-1 .fusion-content-box-hover .link-area-link-icon-hover.link-area-box .fusion-read-more::after,\n\t\t\t.fusion-content-boxes-1 .fusion-content-box-hover .link-area-link-icon-hover.link-area-box .fusion-read-more::before,\n\t\t\t.fusion-content-boxes-1 .fusion-content-box-hover .fusion-read-more:hover:after,\n\t\t\t.fusion-content-boxes-1 .fusion-content-box-hover .fusion-read-more:hover:before,\n\t\t\t.fusion-content-boxes-1 .fusion-content-box-hover .fusion-read-more:hover,\n\t\t\t.fusion-content-boxes-1 .fusion-content-box-hover .link-area-box-hover.link-area-box .fusion-read-more,\n\t\t\t.fusion-content-boxes-1 .fusion-content-box-hover .link-area-box-hover.link-area-box .fusion-read-more::after,\n\t\t\t.fusion-content-boxes-1 .fusion-content-box-hover .link-area-box-hover.link-area-box .fusion-read-more::before,\n\t\t\t.fusion-content-boxes-1 .fusion-content-box-hover .link-area-link-icon-hover .icon .circle-no,\n\t\t\t.fusion-content-boxes-1 .fusion-content-box-hover .link-area-box-hover .icon .circle-no {\n\t\t\t\tcolor: #e9a825 !important;\n\t\t\t}\n\t\t\t.fusion-content-boxes-1 .fusion-content-box-hover .heading-link:hover .icon i.circle-yes,\n\t\t\t.fusion-content-boxes-1 .fusion-content-box-hover .link-area-box:hover .heading-link .icon i.circle-yes,\n\t\t\t.fusion-content-boxes-1 .fusion-content-box-hover .link-area-link-icon-hover .heading .icon i.circle-yes,\n\t\t\t.fusion-content-boxes-1 .fusion-content-box-hover .link-area-box-hover .heading .icon i.circle-yes {\n\t\t\t\tbackground-color: #e9a825 !important;\n\t\t\t\tborder-color: #e9a825 !important;\n\t\t\t}<\/style><div class=\"fusion-column content-box-column content-box-column-1 col-lg-12 col-md-12 col-sm-12 fusion-content-box-hover content-box-column-last content-box-column-last-in-row\"><div class=\"col content-wrapper link-area-link-icon icon-hover-animation-fade\" style=\"background-color:rgba(255,255,255,0);\"><div class=\"heading heading-with-icon icon-left\"><div class=\"icon\"><i style=\"background-color:transparent;border-color:transparent;height:auto;width:21pxpx;line-height:normal;color:#000000;font-size:21px;\" class=\"fa fontawesome-icon fa-comment-o circle-no\"><\/i><\/div><h2 class=\"content-box-heading\" style=\"font-size: 18px;line-height:23px;\">Exempel p\u00e5 fr\u00e5gest\u00e4llningar:<\/h2><\/div><div class=\"fusion-clearfix\"><\/div><div class=\"content-container\" style=\"color:#747474;\">Exempel p\u00e5 teman som kan utforskas gemensamt i ett sokratiskt samtal: \u201dF\u00f6rdomar\u201d, \u201dIdentitet\u201d, &#8221;Tid&#8221;, &#8221;Makt&#8221;, &#8221;Mod\u201d, \u201dR\u00e4ttvisa\u201d, \u201dHj\u00e4lp\u201d, \u201dVad \u00e4r viktigast i v\u00e5rt arbete?\u201d och \u201dHur kan man jobba och leva p\u00e5 ett uth\u00e5lligt s\u00e4tt?\u201d<\/div><\/div><\/div><div class=\"fusion-clearfix\"><\/div><div class=\"fusion-clearfix\"><\/div><\/div><div class=\"fusion-clearfix\"><\/div><\/div><\/div><div class=\"fusion-clearfix\"><\/div>\n","protected":false},"excerpt":{"rendered":"","protected":false},"author":1,"featured_media":0,"parent":85,"menu_order":0,"comment_status":"closed","ping_status":"closed","template":"","meta":{"footnotes":"","_links_to":"","_links_to_target":""},"class_list":["post-96","page","type-page","status-publish","hentry"],"_links":{"self":[{"href":"https:\/\/www.samtala.nu\/index.php\/wp-json\/wp\/v2\/pages\/96","targetHints":{"allow":["GET"]}}],"collection":[{"href":"https:\/\/www.samtala.nu\/index.php\/wp-json\/wp\/v2\/pages"}],"about":[{"href":"https:\/\/www.samtala.nu\/index.php\/wp-json\/wp\/v2\/types\/page"}],"author":[{"embeddable":true,"href":"https:\/\/www.samtala.nu\/index.php\/wp-json\/wp\/v2\/users\/1"}],"replies":[{"embeddable":true,"href":"https:\/\/www.samtala.nu\/index.php\/wp-json\/wp\/v2\/comments?post=96"}],"version-history":[{"count":4,"href":"https:\/\/www.samtala.nu\/index.php\/wp-json\/wp\/v2\/pages\/96\/revisions"}],"predecessor-version":[{"id":167,"href":"https:\/\/www.samtala.nu\/index.php\/wp-json\/wp\/v2\/pages\/96\/revisions\/167"}],"up":[{"embeddable":true,"href":"https:\/\/www.samtala.nu\/index.php\/wp-json\/wp\/v2\/pages\/85"}],"wp:attachment":[{"href":"https:\/\/www.samtala.nu\/index.php\/wp-json\/wp\/v2\/media?parent=96"}],"curies":[{"name":"wp","href":"https:\/\/api.w.org\/{rel}","templated":true}]}}