{"id":99,"date":"2016-08-05T16:03:53","date_gmt":"2016-08-05T14:03:53","guid":{"rendered":"http:\/\/www.samtala.nu\/?page_id=99"},"modified":"2016-08-08T09:37:43","modified_gmt":"2016-08-08T07:37:43","slug":"filosofiskt-kafe","status":"publish","type":"page","link":"https:\/\/www.samtala.nu\/index.php\/tjanster\/gruppsamtalworkshop\/filosofiskt-kafe\/","title":{"rendered":"Filosofiskt kaf\u00e9"},"content":{"rendered":"<div class=\"fusion-two-third fusion-layout-column fusion-spacing-yes\" style=\"margin-top:0px;margin-bottom:0px;\"><div class=\"fusion-column-wrapper\"><style type='text\/css'>.reading-box-container-1 .element-bottomshadow:before,.reading-box-container-1 .element-bottomshadow:after{opacity:0.7;}<\/style><div class=\"fusion-reading-box-container reading-box-container-1\" style=\"margin-top:0px;margin-bottom:30px;\"><div class=\"reading-box\" style=\"background-color:#f6f6f6;border-width:1px;border-color:#f6f6f6;border-style:solid;\"><div class=\"reading-box-additional\">Ett filosofiskt kaf\u00e9 \u00e4r ett s\u00e4tt att skapa utrymme f\u00f6r filosofiska och utforskande samtal. Det \u00e4r en m\u00f6tesplats f\u00f6r att i dialog unders\u00f6ka fr\u00e5gest\u00e4llningar och begrepp f\u00f6r att tillsammans vidga sina perspektiv och s\u00f6ka n\u00e5 djupare f\u00f6rst\u00e5else.<\/p>\n<p>Man kan ha olika uppl\u00e4gg p\u00e5 ett filokaf\u00e9. Antingen kan man ha ett i f\u00f6rv\u00e4g best\u00e4mt tema som kan introduceras av n\u00e5gon genom en kort f\u00f6rel\u00e4sning, eller s\u00e5 kan man tillsammans p\u00e5 plats best\u00e4mma viken fr\u00e5gest\u00e4llning eller begrepp som ska unders\u00f6kas.<\/div><\/div><\/div><style type='text\/css'>.reading-box-container-2 .element-bottomshadow:before,.reading-box-container-2 .element-bottomshadow:after{opacity:0.7;}<\/style><div class=\"fusion-reading-box-container reading-box-container-2\" style=\"margin-top:0px;margin-bottom:30px;\"><div class=\"reading-box\" style=\"background-color:#f6f6f6;border-width:1px;border-color:#f6f6f6;border-style:solid;\"><h2>M\u00e5lgrupp<\/h2><div class=\"reading-box-additional\">Filosofiska kaf\u00e9et kan ordnas i bekantskapskretsen, p\u00e5 arbetsplatsen eller vara \u00f6ppet f\u00f6r allm\u00e4nheten p\u00e5 ett bibliotek eller liknande.<\/div><\/div><\/div><div class=\"fusion-clearfix\"><\/div><\/div><\/div><div class=\"fusion-one-third fusion-layout-column fusion-column-last fusion-spacing-yes\" style=\"margin-top:0px;margin-bottom:0px;\"><div class=\"fusion-column-wrapper\"><style type='text\/css'>.reading-box-container-3 .element-bottomshadow:before,.reading-box-container-3 .element-bottomshadow:after{opacity:0.7;}<\/style><div class=\"fusion-reading-box-container reading-box-container-3\" style=\"margin-top:0px;margin-bottom:30px;\"><div class=\"reading-box\" style=\"background-color:#f6f6f6;border-width:1px;border-color:#f6f6f6;border-style:solid;\"><h2>F\u00f6rh\u00e5llningss\u00e4tt och metod<\/h2><div class=\"reading-box-additional\">I ett filosofiskt kaf\u00e9 kan dialogen vara ett \u00f6ppet gemensamt utforskande eller ett mer strukturerat och styrt samtal d\u00e4r samtalsledaren h\u00e5ller i taktpinnen. Man kan \u00e4ven variera uppl\u00e4gget betr\u00e4ffande hur reglerande spelreglerna f\u00f6r samtalet skall vara, beroende p\u00e5 vad man vill uppn\u00e5, alltifr\u00e5n mer eller mindre oreglerat till att f\u00f6lja liknande regler som f\u00f6r sokratiska samtal.<\/p>\n<p>Om det \u00e4r m\u00e5nga deltagare delas kaf\u00e9et upp i mindre samtalsgrupper f\u00f6r att f\u00e5 en b\u00e4ttre delaktighet och mer givande samtal.<\/div><\/div><\/div><div class=\"fusion-content-boxes content-boxes columns fusion-columns-1 fusion-columns-total-1 fusion-content-boxes-1 content-boxes-icon-with-title row content-left\" data-animationOffset=\"100%\" style=\"margin-top:0px;margin-bottom:30px;\"><style type=\"text\/css\" scoped=\"scoped\">.fusion-content-boxes-1 .heading h2{color:#000000;}\n\t\t\t.fusion-content-boxes-1 .fusion-content-box-hover .link-area-link-icon-hover .heading h2,\n\t\t\t.fusion-content-boxes-1 .fusion-content-box-hover .link-area-link-icon-hover .heading .heading-link h2,\n\t\t\t.fusion-content-boxes-1 .fusion-content-box-hover .link-area-box-hover .heading h2,\n\t\t\t.fusion-content-boxes-1 .fusion-content-box-hover .link-area-box-hover .heading .heading-link h2,\n\t\t\t.fusion-content-boxes-1 .fusion-content-box-hover .link-area-link-icon-hover.link-area-box .fusion-read-more,\n\t\t\t.fusion-content-boxes-1 .fusion-content-box-hover .link-area-link-icon-hover.link-area-box .fusion-read-more::after,\n\t\t\t.fusion-content-boxes-1 .fusion-content-box-hover .link-area-link-icon-hover.link-area-box .fusion-read-more::before,\n\t\t\t.fusion-content-boxes-1 .fusion-content-box-hover .fusion-read-more:hover:after,\n\t\t\t.fusion-content-boxes-1 .fusion-content-box-hover .fusion-read-more:hover:before,\n\t\t\t.fusion-content-boxes-1 .fusion-content-box-hover .fusion-read-more:hover,\n\t\t\t.fusion-content-boxes-1 .fusion-content-box-hover .link-area-box-hover.link-area-box .fusion-read-more,\n\t\t\t.fusion-content-boxes-1 .fusion-content-box-hover .link-area-box-hover.link-area-box .fusion-read-more::after,\n\t\t\t.fusion-content-boxes-1 .fusion-content-box-hover .link-area-box-hover.link-area-box .fusion-read-more::before,\n\t\t\t.fusion-content-boxes-1 .fusion-content-box-hover .link-area-link-icon-hover .icon .circle-no,\n\t\t\t.fusion-content-boxes-1 .fusion-content-box-hover .link-area-box-hover .icon .circle-no {\n\t\t\t\tcolor: #e9a825 !important;\n\t\t\t}\n\t\t\t.fusion-content-boxes-1 .fusion-content-box-hover .heading-link:hover .icon i.circle-yes,\n\t\t\t.fusion-content-boxes-1 .fusion-content-box-hover .link-area-box:hover .heading-link .icon i.circle-yes,\n\t\t\t.fusion-content-boxes-1 .fusion-content-box-hover .link-area-link-icon-hover .heading .icon i.circle-yes,\n\t\t\t.fusion-content-boxes-1 .fusion-content-box-hover .link-area-box-hover .heading .icon i.circle-yes {\n\t\t\t\tbackground-color: #e9a825 !important;\n\t\t\t\tborder-color: #e9a825 !important;\n\t\t\t}<\/style><div class=\"fusion-column content-box-column content-box-column-1 col-lg-12 col-md-12 col-sm-12 fusion-content-box-hover content-box-column-last content-box-column-last-in-row\"><div class=\"col content-wrapper link-area-link-icon icon-hover-animation-fade\" style=\"background-color:rgba(255,255,255,0);\"><div class=\"heading heading-with-icon icon-left\"><div class=\"icon\"><i style=\"background-color:transparent;border-color:transparent;height:auto;width:21pxpx;line-height:normal;color:#000000;font-size:21px;\" class=\"fa fontawesome-icon fa-comment-o circle-no\"><\/i><\/div><h2 class=\"content-box-heading\" style=\"font-size: 18px;line-height:23px;\">Exempel p\u00e5 fr\u00e5gest\u00e4llningar:<\/h2><\/div><div class=\"fusion-clearfix\"><\/div><div class=\"content-container\" style=\"color:#747474;\">Exempel p\u00e5 teman som kan utforskas gemensamt p\u00e5 ett filokaf\u00e9: \u201dArbetstid\/Fritid \u2013 Tid?\u201d, \u201dF\u00f6rdomar\u201d, \u201dIdentitet\u201d, &#8221;Vad \u00e4r integritet?&#8221;, &#8221;Kunskap&#8221;, &#8221;Makt&#8221;, &#8221;Mod &amp; Ansvar\u201d, &#8221;Vad \u00e4r r\u00e4ttvisa?&#8221;, \u201dMedm\u00e4nsklighet\u201d, \u201dVad \u00e4r meningsfullt?\u201d, \u201dVad inneb\u00e4r en gemensam v\u00e4rdegrund?\u201d, &#8221;Vad inneb\u00e4r det att hj\u00e4lpa?&#8221;<\/div><\/div><\/div><div class=\"fusion-clearfix\"><\/div><div class=\"fusion-clearfix\"><\/div><\/div><div class=\"fusion-clearfix\"><\/div><\/div><\/div><div class=\"fusion-clearfix\"><\/div>\n","protected":false},"excerpt":{"rendered":"","protected":false},"author":1,"featured_media":0,"parent":85,"menu_order":0,"comment_status":"closed","ping_status":"closed","template":"","meta":{"footnotes":"","_links_to":"","_links_to_target":""},"class_list":["post-99","page","type-page","status-publish","hentry"],"_links":{"self":[{"href":"https:\/\/www.samtala.nu\/index.php\/wp-json\/wp\/v2\/pages\/99","targetHints":{"allow":["GET"]}}],"collection":[{"href":"https:\/\/www.samtala.nu\/index.php\/wp-json\/wp\/v2\/pages"}],"about":[{"href":"https:\/\/www.samtala.nu\/index.php\/wp-json\/wp\/v2\/types\/page"}],"author":[{"embeddable":true,"href":"https:\/\/www.samtala.nu\/index.php\/wp-json\/wp\/v2\/users\/1"}],"replies":[{"embeddable":true,"href":"https:\/\/www.samtala.nu\/index.php\/wp-json\/wp\/v2\/comments?post=99"}],"version-history":[{"count":3,"href":"https:\/\/www.samtala.nu\/index.php\/wp-json\/wp\/v2\/pages\/99\/revisions"}],"predecessor-version":[{"id":164,"href":"https:\/\/www.samtala.nu\/index.php\/wp-json\/wp\/v2\/pages\/99\/revisions\/164"}],"up":[{"embeddable":true,"href":"https:\/\/www.samtala.nu\/index.php\/wp-json\/wp\/v2\/pages\/85"}],"wp:attachment":[{"href":"https:\/\/www.samtala.nu\/index.php\/wp-json\/wp\/v2\/media?parent=99"}],"curies":[{"name":"wp","href":"https:\/\/api.w.org\/{rel}","templated":true}]}}